{"id":440,"date":"2017-06-27T12:24:30","date_gmt":"2017-06-27T10:24:30","guid":{"rendered":"http:\/\/www.freshtag.de\/?page_id=440"},"modified":"2017-11-13T20:02:52","modified_gmt":"2017-11-13T19:02:52","slug":"ueberuns","status":"publish","type":"page","link":"https:\/\/www.blumen-meister.com\/standort-gallus-blumenladen\/ueberuns\/","title":{"rendered":"\u00dcber uns"},"content":{"rendered":"<div class=\"flex_column av_one_full  flex_column_div first  \" style='padding:0px 0px 20px 0px ; border-radius:0px; '><p><div style='padding-bottom:10px;color:#1a2f53;' class='av-special-heading av-special-heading-h2 custom-color-heading blockquote modern-quote modern-centered   '><h2 class='av-special-heading-tag '  itemprop=\"headline\"  >ALICE UND BLUMEN &#8211; DAS PASST ZUSAMMEN<\/h2><div class='special-heading-border'><div class='special-heading-inner-border' style='border-color:#1a2f53'><\/div><\/div><\/div><br \/>\n<div style=' margin-top:10px; margin-bottom:20px;'  class='hr hr-custom hr-center hr-icon-no  '><span class='hr-inner   inner-border-av-border-fat' style=' width:50px; border-color:#000000;' ><span class='hr-inner-style'><\/span><\/span><\/div><br \/>\n<section class=\"av_textblock_section \"  itemscope=\"itemscope\" itemtype=\"https:\/\/schema.org\/CreativeWork\" ><div class='avia_textblock  '   itemprop=\"text\" ><p style=\"text-align: center;\">Es war einmal eine Blumen verliebte Alice, die sich mit ihrem kleinen Blumenladen einen Traum erf\u00fcllte und den Menschen in Frankfurt wundersch\u00f6ne Blumen zu jeglicher Okkasion anbieten wollte. Mittlerweile ist das Team auf \u00fcber 10 Mitarbeitern angewachsen und <strong>Alice im Blumenland<\/strong> freut sich Tag f\u00fcr Tag Veranstaltungen, Geburtstagsfeiern, Hochzeit- oder Firmenfeiern zu einem einmaligen und unvergesslichen Ereignis zu machen.<\/p>\n<\/div><\/section><\/p><\/div>\n<div  data-size='no scaling'  data-lightbox_size='large'  data-animation='slide'  data-ids='506'  data-video_counter='0'  data-autoplay='false'  data-bg_slider='false'  data-slide_height=''  data-handle='av_slideshow'  data-interval='5'  data-class=' '  data-css_id=''  data-scroll_down=''  data-control_layout='av-control-default'  data-custom_markup=''  data-perma_caption=''  data-autoplay_stopper=''  data-image_attachment=''  data-min_height='0px'  class='avia-slideshow avia-slideshow-1  av-control-default av-default-height-applied avia-slideshow-no scaling av_slideshow   avia-slide-slider '  itemscope=\"itemscope\" itemtype=\"https:\/\/schema.org\/ImageObject\" ><ul class='avia-slideshow-inner' style='padding-bottom: 45%;'><li  class=' av-single-slide slide-1 ' ><div data-rel='slideshow-1' class='avia-slide-wrap'  ><img src='https:\/\/www.blumen-meister.com\/standort-gallus-blumenladen\/wp-content\/uploads\/2017\/06\/Shop_01.jpg' width='1000' height='450' title='Shop_01' alt=''  itemprop=\"thumbnailUrl\"   \/><\/div><\/li><\/ul><\/div>\n<\/div><\/div><\/div><!-- close content main div --><\/div><\/div><div id='av_section_1' class='avia-section main_color avia-section-default avia-no-shadow avia-bg-style-scroll   container_wrap fullsize'   ><div class='container' ><div class='template-page content  av-content-full alpha units'><div class='post-entry post-entry-type-page post-entry-440'><div class='entry-content-wrapper clearfix'>\n<div class=\"flex_column av_one_half  flex_column_div av-zero-column-padding first  \" style='border-radius:0px; '><p><div style='padding-bottom:10px;' class='av-special-heading av-special-heading-h2 custom-color-heading blockquote modern-quote   '><h2 class='av-special-heading-tag '  itemprop=\"headline\"  >DIE PHILOSOPHIE<\/h2><div class='special-heading-border'><div class='special-heading-inner-border' ><\/div><\/div><\/div><br \/>\n<div style=' margin-top:10px; margin-bottom:20px;'  class='hr hr-custom hr-left hr-icon-no  '><span class='hr-inner   inner-border-av-border-fat' style=' width:50px; border-color:#000000;' ><span class='hr-inner-style'><\/span><\/span><\/div><br \/>\n<section class=\"av_textblock_section \"  itemscope=\"itemscope\" itemtype=\"https:\/\/schema.org\/CreativeWork\" ><div class='avia_textblock  '   itemprop=\"text\" ><p style=\"text-align: left;\">Wir sind Floristinnen und Floristen aus Begeisterung und Freude, aus Leidenschaft und Berufung.<br \/>\nWir lieben die Vielfalt der Natur, finden in ihr die Inspiration, aber auch den Auftrag, verantwortungsvoll und nachhaltig mit ihr umzugehen. Sie schenkt uns stets die einzigartige, nat\u00fcrliche Grundlage f\u00fcr kreatives Arbeiten und Gestalten. Vieles von dem, was wir dazu brauchen wie Schnittblumen, Topf-, Beet- und Balkonpflanzen ziehen und z\u00fcchten wir selbst. So entsteht daraus bei unserer t\u00e4glichen Arbeit frischer Blumenschmuck f\u00fcr alle Anl\u00e4sse und Veranstaltungsorte die zum Wohlf\u00fchlen einladen und Freude verspr\u00fchen.<\/p>\n<\/div><\/section><\/p><\/div><div class=\"flex_column av_one_half  flex_column_div av-zero-column-padding   \" style='border-radius:0px; '><p><div style='padding-bottom:10px;' class='av-special-heading av-special-heading-h2 custom-color-heading blockquote modern-quote   '><h2 class='av-special-heading-tag '  itemprop=\"headline\"  >DER SHOP<\/h2><div class='special-heading-border'><div class='special-heading-inner-border' ><\/div><\/div><\/div><br \/>\n<div style=' margin-top:10px; margin-bottom:20px;'  class='hr hr-custom hr-left hr-icon-no  '><span class='hr-inner   inner-border-av-border-fat' style=' width:50px; border-color:#000000;' ><span class='hr-inner-style'><\/span><\/span><\/div><br \/>\n<section class=\"av_textblock_section \"  itemscope=\"itemscope\" itemtype=\"https:\/\/schema.org\/CreativeWork\" ><div class='avia_textblock  '   itemprop=\"text\" ><p style=\"text-align: left;\">Unser Team, bestehend aus 5 Floristinnen, Inhaberin, Fahrer und 3 Auszubildenden, freut sich Ihre Veranstaltung, Geburtstagsfeier, Hochzeit oder Firmenfeier zu einem einmaligen und unvergesslichen Ereignis zu machen. In unserem Ladengesch\u00e4ft in der Mainzer Landstra\u00dfe 176 bieten wir geschmackvolle Geschenkideen und Accessoires f\u00fcr jeden Anlass. Auf 150 Quadratmetern entwerfen wir Konzepte f\u00fcr die Veranstaltungen unserer Kunden, skizzieren Dekorationen f\u00fcr Hochzeiten und kreieren Blumenschmuck den Sie sofort mitnehmen k\u00f6nnen. Schauen Sie bei uns vorbei, zur Beratung, zum St\u00f6bern oder um sich einfach von unserer wunderbar duftenden Blumenwelt inspirieren zu lassen. Wir freuen uns auf Sie!<\/p>\n<\/div><\/section><\/p><\/div>\n\n","protected":false},"excerpt":{"rendered":"","protected":false},"author":1,"featured_media":0,"parent":0,"menu_order":0,"comment_status":"closed","ping_status":"closed","template":"","meta":{"_mi_skip_tracking":false},"_links":{"self":[{"href":"https:\/\/www.blumen-meister.com\/standort-gallus-blumenladen\/wp-json\/wp\/v2\/pages\/440"}],"collection":[{"href":"https:\/\/www.blumen-meister.com\/standort-gallus-blumenladen\/wp-json\/wp\/v2\/pages"}],"about":[{"href":"https:\/\/www.blumen-meister.com\/standort-gallus-blumenladen\/wp-json\/wp\/v2\/types\/page"}],"author":[{"embeddable":true,"href":"https:\/\/www.blumen-meister.com\/standort-gallus-blumenladen\/wp-json\/wp\/v2\/users\/1"}],"replies":[{"embeddable":true,"href":"https:\/\/www.blumen-meister.com\/standort-gallus-blumenladen\/wp-json\/wp\/v2\/comments?post=440"}],"version-history":[{"count":3,"href":"https:\/\/www.blumen-meister.com\/standort-gallus-blumenladen\/wp-json\/wp\/v2\/pages\/440\/revisions"}],"predecessor-version":[{"id":1016,"href":"https:\/\/www.blumen-meister.com\/standort-gallus-blumenladen\/wp-json\/wp\/v2\/pages\/440\/revisions\/1016"}],"wp:attachment":[{"href":"https:\/\/www.blumen-meister.com\/standort-gallus-blumenladen\/wp-json\/wp\/v2\/media?parent=440"}],"curies":[{"name":"wp","href":"https:\/\/api.w.org\/{rel}","templated":true}]}}