{"id":22,"date":"2017-06-11T15:54:50","date_gmt":"2017-06-11T13:54:50","guid":{"rendered":"http:\/\/www.freshtag.de\/?page_id=22"},"modified":"2017-09-01T12:06:46","modified_gmt":"2017-09-01T10:06:46","slug":"unsere-produkte","status":"publish","type":"page","link":"https:\/\/www.blumen-meister.com\/standort-gallus-blumenladen\/unsere-produkte\/","title":{"rendered":"Unsere Produkte"},"content":{"rendered":"<\/div><\/div><\/div><!-- close content main div --><\/div><\/div><div id='av_section_1' class='avia-section main_color avia-section-default avia-no-shadow avia-bg-style-scroll   container_wrap fullsize'   ><div class='container' ><div class='template-page content  av-content-full alpha units'><div class='post-entry post-entry-type-page post-entry-22'><div class='entry-content-wrapper clearfix'>\n<div style='padding-bottom:10px;' class='av-special-heading av-special-heading-h2 custom-color-heading blockquote modern-quote   '><h2 class='av-special-heading-tag '  itemprop=\"headline\"  >Blumen und florale Konzepte f\u00fcr jeden Anlass<\/h2><div class='special-heading-border'><div class='special-heading-inner-border' ><\/div><\/div><\/div>\n<div style=' margin-top:10px; margin-bottom:10px;'  class='hr hr-custom hr-left hr-icon-no  '><span class='hr-inner   inner-border-av-border-fat' style=' width:50px;' ><span class='hr-inner-style'><\/span><\/span><\/div>\n<section class=\"av_textblock_section \"  itemscope=\"itemscope\" itemtype=\"https:\/\/schema.org\/CreativeWork\" ><div class='avia_textblock  '   itemprop=\"text\" ><p>Es gibt immer einen besonderen Anlass f\u00fcr frische Blumen und Pflanzen! Wir bieten Ihnen die ganze Vielfalt an Arrangements, Gestecken und Dekorationen, <strong>zu jeder Jahreszeit, f\u00fcr jede Gelegenheit und f\u00fcr jedes Budget!\u00a0<\/strong>Individuell abgestimmte Blumenstr\u00e4u\u00dfe und Bouquets, extravagante Arrangements und florale Installationen geh\u00f6ren gleicherma\u00dfen zu unserem Sortiment wie Bundware und Mitnahmestr\u00e4u\u00dfe f\u00fcr einen fairen Preis.\u00a0Und damit Sie auch Menschen an fast jedem Platz rund <strong>innerhalb und um Frankfurt<\/strong> eine Freude mit Blumen machen k\u00f6nnen, sind wir seit Jahren einer der wichtigsten Partner von FLEUROP in Deutschland.<br \/>\nLassen Sie sich von unseren Angeboten und Bildern inspirieren und \u00fcberzeugen Sie sich von unserer kompetenten <strong>Beratung und Service!<\/strong><\/p>\n<\/div><\/section>\n<div class='sort_width_container  av-sort-yes' data-portfolio-id='1' ><div id='js_sort_items' ><div class='sort_by_cat  '><a href=\"#\" data-filter=\"all_sort\" class=\"all_sort_button active_sort\"><span class=\"inner_sort_button\"><span>Alle<\/span><small class=\"av-cat-count\"> 7 <\/small><\/span><\/a><span class='text-sep lebens-ereignisse_sort_sep'>\/<\/span><a href=\"#\" data-filter=\"lebens-ereignisse_sort\" class=\"lebens-ereignisse_sort_button\" ><span class=\"inner_sort_button\"><span>Besondere Ereignisse<\/span><small class='av-cat-count'> 4 <\/small><\/span><\/a><span class='text-sep gewerblich_sort_sep'>\/<\/span><a href=\"#\" data-filter=\"gewerblich_sort\" class=\"gewerblich_sort_button\" ><span class=\"inner_sort_button\"><span>Firmen-Service<\/span><small class='av-cat-count'> 4 <\/small><\/span><\/a><\/div><\/div><\/div><div class=' grid-sort-container isotope   no_margin-container with-excerpt-container grid-total-odd grid-col-4 grid-links-' data-portfolio-id='1'><div data-ajax-id='132' class=' grid-entry flex_column isotope-item all_sort no_margin post-entry post-entry-132 grid-entry-overview grid-loop-1 grid-parity-odd  lebens-ereignisse_sort buero_sort events_sort gewerblich_sort hotel_sort jubilate_sort  av_one_fourth first default_av_fullwidth '><article class='main_color inner-entry'  itemscope=\"itemscope\" itemtype=\"https:\/\/schema.org\/CreativeWork\" ><a href='https:\/\/www.blumen-meister.com\/standort-gallus-blumenladen\/Beispiele\/bouquets\/' title='Bouquets'  data-rel='grid-1' class='grid-image avia-hover-fx'><img width=\"260\" height=\"185\" src=\"https:\/\/www.blumen-meister.com\/standort-gallus-blumenladen\/wp-content\/uploads\/2017\/06\/Bouquet_10-260x185.jpg\" class=\"attachment-portfolio_small size-portfolio_small wp-post-image\" alt=\"\" decoding=\"async\" loading=\"lazy\" srcset=\"https:\/\/www.blumen-meister.com\/standort-gallus-blumenladen\/wp-content\/uploads\/2017\/06\/Bouquet_10-260x185.jpg 260w, https:\/\/www.blumen-meister.com\/standort-gallus-blumenladen\/wp-content\/uploads\/2017\/06\/Bouquet_10-845x600.jpg 845w\" sizes=\"(max-width: 260px) 100vw, 260px\" \/><\/a><div class='grid-content'><div class='avia-arrow'><\/div><header class=\"entry-content-header\"><h3 class='grid-entry-title entry-title'  itemprop=\"headline\" ><a href='https:\/\/www.blumen-meister.com\/standort-gallus-blumenladen\/Beispiele\/bouquets\/' title='Bouquets'>Bouquets<\/a><\/h3><\/header><\/div><footer class=\"entry-footer\"><\/footer><\/article><\/div><div data-ajax-id='153' class=' grid-entry flex_column isotope-item all_sort no_margin post-entry post-entry-153 grid-entry-overview grid-loop-2 grid-parity-even  buero_sort gewerblich_sort  av_one_fourth  default_av_fullwidth '><article class='main_color inner-entry'  itemscope=\"itemscope\" itemtype=\"https:\/\/schema.org\/CreativeWork\" ><a href='https:\/\/www.blumen-meister.com\/standort-gallus-blumenladen\/Beispiele\/buero\/' title='B\u00fcro'  data-rel='grid-1' class='grid-image avia-hover-fx'><img width=\"260\" height=\"185\" src=\"https:\/\/www.blumen-meister.com\/standort-gallus-blumenladen\/wp-content\/uploads\/2017\/06\/Buerodekoration_01-260x185.jpg\" class=\"attachment-portfolio_small size-portfolio_small wp-post-image\" alt=\"\" decoding=\"async\" loading=\"lazy\" srcset=\"https:\/\/www.blumen-meister.com\/standort-gallus-blumenladen\/wp-content\/uploads\/2017\/06\/Buerodekoration_01-260x185.jpg 260w, https:\/\/www.blumen-meister.com\/standort-gallus-blumenladen\/wp-content\/uploads\/2017\/06\/Buerodekoration_01-845x600.jpg 845w\" sizes=\"(max-width: 260px) 100vw, 260px\" \/><\/a><div class='grid-content'><div class='avia-arrow'><\/div><header class=\"entry-content-header\"><h3 class='grid-entry-title entry-title'  itemprop=\"headline\" ><a href='https:\/\/www.blumen-meister.com\/standort-gallus-blumenladen\/Beispiele\/buero\/' title='B\u00fcro'>B\u00fcro<\/a><\/h3><\/header><\/div><footer class=\"entry-footer\"><\/footer><\/article><\/div><div data-ajax-id='675' class=' grid-entry flex_column isotope-item all_sort no_margin post-entry post-entry-675 grid-entry-overview grid-loop-3 grid-parity-odd  events_sort gewerblich_sort jubilate_sort  av_one_fourth  default_av_fullwidth '><article class='main_color inner-entry'  itemscope=\"itemscope\" itemtype=\"https:\/\/schema.org\/CreativeWork\" ><a href='https:\/\/www.blumen-meister.com\/standort-gallus-blumenladen\/Beispiele\/events\/' title='Events'  data-rel='grid-1' class='grid-image avia-hover-fx'><img width=\"260\" height=\"185\" src=\"https:\/\/www.blumen-meister.com\/standort-gallus-blumenladen\/wp-content\/uploads\/2017\/08\/Event_Dekoration_08-260x185.jpg\" class=\"attachment-portfolio_small size-portfolio_small wp-post-image\" alt=\"\" decoding=\"async\" loading=\"lazy\" srcset=\"https:\/\/www.blumen-meister.com\/standort-gallus-blumenladen\/wp-content\/uploads\/2017\/08\/Event_Dekoration_08-260x185.jpg 260w, https:\/\/www.blumen-meister.com\/standort-gallus-blumenladen\/wp-content\/uploads\/2017\/08\/Event_Dekoration_08-845x600.jpg 845w\" sizes=\"(max-width: 260px) 100vw, 260px\" \/><\/a><div class='grid-content'><div class='avia-arrow'><\/div><header class=\"entry-content-header\"><h3 class='grid-entry-title entry-title'  itemprop=\"headline\" ><a href='https:\/\/www.blumen-meister.com\/standort-gallus-blumenladen\/Beispiele\/events\/' title='Events'>Events<\/a><\/h3><\/header><\/div><footer class=\"entry-footer\"><\/footer><\/article><\/div><div data-ajax-id='134' class=' grid-entry flex_column isotope-item all_sort no_margin post-entry post-entry-134 grid-entry-overview grid-loop-4 grid-parity-even  lebens-ereignisse_sort hochzeit_sort  av_one_fourth  default_av_fullwidth '><article class='main_color inner-entry'  itemscope=\"itemscope\" itemtype=\"https:\/\/schema.org\/CreativeWork\" ><a href='https:\/\/www.blumen-meister.com\/standort-gallus-blumenladen\/Beispiele\/hochzeit\/' title='Hochzeit'  data-rel='grid-1' class='grid-image avia-hover-fx'><img width=\"260\" height=\"185\" src=\"https:\/\/www.blumen-meister.com\/standort-gallus-blumenladen\/wp-content\/uploads\/2017\/06\/Hochzeitstischdekoration_Besipiel_17-260x185.jpg\" class=\"attachment-portfolio_small size-portfolio_small wp-post-image\" alt=\"\" decoding=\"async\" loading=\"lazy\" srcset=\"https:\/\/www.blumen-meister.com\/standort-gallus-blumenladen\/wp-content\/uploads\/2017\/06\/Hochzeitstischdekoration_Besipiel_17-260x185.jpg 260w, https:\/\/www.blumen-meister.com\/standort-gallus-blumenladen\/wp-content\/uploads\/2017\/06\/Hochzeitstischdekoration_Besipiel_17-845x600.jpg 845w\" sizes=\"(max-width: 260px) 100vw, 260px\" \/><\/a><div class='grid-content'><div class='avia-arrow'><\/div><header class=\"entry-content-header\"><h3 class='grid-entry-title entry-title'  itemprop=\"headline\" ><a href='https:\/\/www.blumen-meister.com\/standort-gallus-blumenladen\/Beispiele\/hochzeit\/' title='Hochzeit'>Hochzeit<\/a><\/h3><\/header><\/div><footer class=\"entry-footer\"><\/footer><\/article><\/div><div data-ajax-id='111' class=' grid-entry flex_column isotope-item all_sort no_margin post-entry post-entry-111 grid-entry-overview grid-loop-5 grid-parity-odd  events_sort gewerblich_sort hotel_sort  av_one_fourth first default_av_fullwidth '><article class='main_color inner-entry'  itemscope=\"itemscope\" itemtype=\"https:\/\/schema.org\/CreativeWork\" ><a href='https:\/\/www.blumen-meister.com\/standort-gallus-blumenladen\/Beispiele\/hotel\/' title='Hotel und Gastro'  data-rel='grid-1' class='grid-image avia-hover-fx'><img width=\"260\" height=\"185\" src=\"https:\/\/www.blumen-meister.com\/standort-gallus-blumenladen\/wp-content\/uploads\/2017\/06\/Hotel_14-260x185.jpg\" class=\"attachment-portfolio_small size-portfolio_small wp-post-image\" alt=\"\" decoding=\"async\" loading=\"lazy\" srcset=\"https:\/\/www.blumen-meister.com\/standort-gallus-blumenladen\/wp-content\/uploads\/2017\/06\/Hotel_14-260x185.jpg 260w, https:\/\/www.blumen-meister.com\/standort-gallus-blumenladen\/wp-content\/uploads\/2017\/06\/Hotel_14-845x600.jpg 845w\" sizes=\"(max-width: 260px) 100vw, 260px\" \/><\/a><div class='grid-content'><div class='avia-arrow'><\/div><header class=\"entry-content-header\"><h3 class='grid-entry-title entry-title'  itemprop=\"headline\" ><a href='https:\/\/www.blumen-meister.com\/standort-gallus-blumenladen\/Beispiele\/hotel\/' title='Hotel und Gastro'>Hotel und Gastro<\/a><\/h3><\/header><\/div><footer class=\"entry-footer\"><\/footer><\/article><\/div><div data-ajax-id='554' class=' grid-entry flex_column isotope-item all_sort no_margin post-entry post-entry-554 grid-entry-overview grid-loop-6 grid-parity-even  lebens-ereignisse_sort events_sort saisonal_sort  av_one_fourth  default_av_fullwidth '><article class='main_color inner-entry'  itemscope=\"itemscope\" itemtype=\"https:\/\/schema.org\/CreativeWork\" ><a href='https:\/\/www.blumen-meister.com\/standort-gallus-blumenladen\/Beispiele\/saisonal\/' title='Saisonale Anl\u00e4sse'  data-rel='grid-1' class='grid-image avia-hover-fx'><img width=\"260\" height=\"185\" src=\"https:\/\/www.blumen-meister.com\/standort-gallus-blumenladen\/wp-content\/uploads\/2017\/07\/Saisonale-Anlaesse-260x185.jpg\" class=\"attachment-portfolio_small size-portfolio_small wp-post-image\" alt=\"\" decoding=\"async\" loading=\"lazy\" srcset=\"https:\/\/www.blumen-meister.com\/standort-gallus-blumenladen\/wp-content\/uploads\/2017\/07\/Saisonale-Anlaesse-260x185.jpg 260w, https:\/\/www.blumen-meister.com\/standort-gallus-blumenladen\/wp-content\/uploads\/2017\/07\/Saisonale-Anlaesse-845x600.jpg 845w\" sizes=\"(max-width: 260px) 100vw, 260px\" \/><\/a><div class='grid-content'><div class='avia-arrow'><\/div><header class=\"entry-content-header\"><h3 class='grid-entry-title entry-title'  itemprop=\"headline\" ><a href='https:\/\/www.blumen-meister.com\/standort-gallus-blumenladen\/Beispiele\/saisonal\/' title='Saisonale Anl\u00e4sse'>Saisonale Anl\u00e4sse<\/a><\/h3><\/header><\/div><footer class=\"entry-footer\"><\/footer><\/article><\/div><div data-ajax-id='171' class=' grid-entry flex_column isotope-item all_sort no_margin post-entry post-entry-171 grid-entry-overview grid-loop-7 grid-parity-odd  post-entry-last  lebens-ereignisse_sort trauer_sort  av_one_fourth  default_av_fullwidth '><article class='main_color inner-entry'  itemscope=\"itemscope\" itemtype=\"https:\/\/schema.org\/CreativeWork\" ><a href='https:\/\/www.blumen-meister.com\/standort-gallus-blumenladen\/Beispiele\/trauer\/' title='Trauer'  data-rel='grid-1' class='grid-image avia-hover-fx'><img width=\"260\" height=\"185\" src=\"https:\/\/www.blumen-meister.com\/standort-gallus-blumenladen\/wp-content\/uploads\/2017\/06\/Trauerfloristik_Beispiel_01-260x185.jpg\" class=\"attachment-portfolio_small size-portfolio_small wp-post-image\" alt=\"\" decoding=\"async\" loading=\"lazy\" srcset=\"https:\/\/www.blumen-meister.com\/standort-gallus-blumenladen\/wp-content\/uploads\/2017\/06\/Trauerfloristik_Beispiel_01-260x185.jpg 260w, https:\/\/www.blumen-meister.com\/standort-gallus-blumenladen\/wp-content\/uploads\/2017\/06\/Trauerfloristik_Beispiel_01-845x600.jpg 845w\" sizes=\"(max-width: 260px) 100vw, 260px\" \/><\/a><div class='grid-content'><div class='avia-arrow'><\/div><header class=\"entry-content-header\"><h3 class='grid-entry-title entry-title'  itemprop=\"headline\" ><a href='https:\/\/www.blumen-meister.com\/standort-gallus-blumenladen\/Beispiele\/trauer\/' title='Trauer'>Trauer<\/a><\/h3><\/header><\/div><footer class=\"entry-footer\"><\/footer><\/article><\/div><\/div>\n\n","protected":false},"excerpt":{"rendered":"","protected":false},"author":1,"featured_media":0,"parent":0,"menu_order":0,"comment_status":"closed","ping_status":"closed","template":"","meta":{"_mi_skip_tracking":false},"_links":{"self":[{"href":"https:\/\/www.blumen-meister.com\/standort-gallus-blumenladen\/wp-json\/wp\/v2\/pages\/22"}],"collection":[{"href":"https:\/\/www.blumen-meister.com\/standort-gallus-blumenladen\/wp-json\/wp\/v2\/pages"}],"about":[{"href":"https:\/\/www.blumen-meister.com\/standort-gallus-blumenladen\/wp-json\/wp\/v2\/types\/page"}],"author":[{"embeddable":true,"href":"https:\/\/www.blumen-meister.com\/standort-gallus-blumenladen\/wp-json\/wp\/v2\/users\/1"}],"replies":[{"embeddable":true,"href":"https:\/\/www.blumen-meister.com\/standort-gallus-blumenladen\/wp-json\/wp\/v2\/comments?post=22"}],"version-history":[{"count":0,"href":"https:\/\/www.blumen-meister.com\/standort-gallus-blumenladen\/wp-json\/wp\/v2\/pages\/22\/revisions"}],"wp:attachment":[{"href":"https:\/\/www.blumen-meister.com\/standort-gallus-blumenladen\/wp-json\/wp\/v2\/media?parent=22"}],"curies":[{"name":"wp","href":"https:\/\/api.w.org\/{rel}","templated":true}]}}